{"id":132,"date":"2025-07-18T03:32:31","date_gmt":"2025-07-18T03:32:31","guid":{"rendered":"https:\/\/bessefarsbazar.dk\/?post_type=product&#038;p=132"},"modified":"2025-07-20T17:14:49","modified_gmt":"2025-07-20T17:14:49","slug":"keystone-konnektor","status":"publish","type":"product","link":"https:\/\/bessefarsbazar.dk\/index.php\/vare\/keystone-konnektor\/","title":{"rendered":"KEYSTONE KONNEKTOR"},"content":{"rendered":"<p><strong><span class=\"row_id_36\">Konnektortype<\/span>:<\/strong> Stikkontakt\u00a0<span class=\"article\">RJ45<br \/>\n<strong><span class=\"row_id_1006\">Farve<\/span>:\u00a0 \u00a0 \u00a0 \u00a0 \u00a0 \u00a0 \u00a0 \u00a0 \u00a0 \u00a0 <\/strong>Hvid \/ Sort<br \/>\n<strong><span class=\"row_id_9057\">Kabelmontage<\/span>:\u00a0 <\/strong>KRONE hurtig-konnektor &#8211; l\u00e5st<br \/>\n<strong><span class=\"row_id_7214\">Applikation<\/span>:\u00a0 \u00a0 \u00a0 \u00a0<\/strong><\/span>Patch panel Keystone, UTP kategori. 6A<br \/>\n<span class=\"article\"><strong><span class=\"row_id_169\">Impedans<\/span>:\u00a0 \u00a0 \u00a0 \u00a0 \u00a0 <\/strong>100\u00a0\u03a9<br \/>\n<strong><span class=\"row_id_44\">Materiale<\/span>:\u00a0 \u00a0 \u00a0 \u00a0 <\/strong>\u00a0 PET<br \/>\n<strong><span class=\"no_row_id_9084\">Hovedtr\u00e6k<\/span>: <\/strong><\/span>Meget nem og hurtig montering uden brug af v\u00e6rkt\u00f8j<br \/>\nKorrosionsbestandighed<br \/>\nKeystone standard montage<\/p>\n<p><span class=\"article\">\u00a0<\/span><\/p>\n","protected":false},"excerpt":{"rendered":"<p>Konnektortype: Stikkontakt\u00a0RJ45 Farve:\u00a0 \u00a0 \u00a0 \u00a0 \u00a0 \u00a0 \u00a0 \u00a0 \u00a0 \u00a0 Hvid \/ Sort Kabelmontage:\u00a0 KRONE hurtig-konnektor &#8211; l\u00e5st Applikation:\u00a0 \u00a0 \u00a0 \u00a0Patch panel Keystone, UTP kategori. 6A Impedans:\u00a0 \u00a0 \u00a0 \u00a0 \u00a0 100\u00a0\u03a9 Materiale:\u00a0 \u00a0 \u00a0 \u00a0 \u00a0 PET Hovedtr\u00e6k: Meget nem og hurtig montering uden brug af v\u00e6rkt\u00f8j Korrosionsbestandighed Keystone standard montage [&hellip;]<\/p>\n","protected":false},"featured_media":133,"comment_status":"open","ping_status":"closed","template":"","meta":{"_acf_changed":false,"ocean_post_layout":"","ocean_both_sidebars_style":"","ocean_both_sidebars_content_width":0,"ocean_both_sidebars_sidebars_width":0,"ocean_sidebar":"0","ocean_second_sidebar":"0","ocean_disable_margins":"enable","ocean_add_body_class":"","ocean_shortcode_before_top_bar":"","ocean_shortcode_after_top_bar":"","ocean_shortcode_before_header":"","ocean_shortcode_after_header":"","ocean_has_shortcode":"","ocean_shortcode_after_title":"","ocean_shortcode_before_footer_widgets":"","ocean_shortcode_after_footer_widgets":"","ocean_shortcode_before_footer_bottom":"","ocean_shortcode_after_footer_bottom":"","ocean_display_top_bar":"default","ocean_display_header":"default","ocean_header_style":"","ocean_center_header_left_menu":"0","ocean_custom_header_template":"0","ocean_custom_logo":0,"ocean_custom_retina_logo":0,"ocean_custom_logo_max_width":0,"ocean_custom_logo_tablet_max_width":0,"ocean_custom_logo_mobile_max_width":0,"ocean_custom_logo_max_height":0,"ocean_custom_logo_tablet_max_height":0,"ocean_custom_logo_mobile_max_height":0,"ocean_header_custom_menu":"0","ocean_menu_typo_font_family":"0","ocean_menu_typo_font_subset":"","ocean_menu_typo_font_size":0,"ocean_menu_typo_font_size_tablet":0,"ocean_menu_typo_font_size_mobile":0,"ocean_menu_typo_font_size_unit":"px","ocean_menu_typo_font_weight":"","ocean_menu_typo_font_weight_tablet":"","ocean_menu_typo_font_weight_mobile":"","ocean_menu_typo_transform":"","ocean_menu_typo_transform_tablet":"","ocean_menu_typo_transform_mobile":"","ocean_menu_typo_line_height":0,"ocean_menu_typo_line_height_tablet":0,"ocean_menu_typo_line_height_mobile":0,"ocean_menu_typo_line_height_unit":"","ocean_menu_typo_spacing":0,"ocean_menu_typo_spacing_tablet":0,"ocean_menu_typo_spacing_mobile":0,"ocean_menu_typo_spacing_unit":"","ocean_menu_link_color":"","ocean_menu_link_color_hover":"","ocean_menu_link_color_active":"","ocean_menu_link_background":"","ocean_menu_link_hover_background":"","ocean_menu_link_active_background":"","ocean_menu_social_links_bg":"","ocean_menu_social_hover_links_bg":"","ocean_menu_social_links_color":"","ocean_menu_social_hover_links_color":"","ocean_disable_title":"default","ocean_disable_heading":"default","ocean_post_title":"","ocean_post_subheading":"","ocean_post_title_style":"","ocean_post_title_background_color":"","ocean_post_title_background":0,"ocean_post_title_bg_image_position":"","ocean_post_title_bg_image_attachment":"","ocean_post_title_bg_image_repeat":"","ocean_post_title_bg_image_size":"","ocean_post_title_height":0,"ocean_post_title_bg_overlay":0.5,"ocean_post_title_bg_overlay_color":"","ocean_disable_breadcrumbs":"default","ocean_breadcrumbs_color":"","ocean_breadcrumbs_separator_color":"","ocean_breadcrumbs_links_color":"","ocean_breadcrumbs_links_hover_color":"","ocean_display_footer_widgets":"default","ocean_display_footer_bottom":"default","ocean_custom_footer_template":"0","ofc_meta_disable_footer_callout":"","ofc_meta_callout_button_url":"","ofc_meta_callout_button_txt":"","ofc_meta_callout_text":""},"product_brand":[],"product_cat":[19,25,24],"product_tag":[26,38,28],"class_list":{"0":"post-132","1":"product","2":"type-product","3":"status-publish","4":"has-post-thumbnail","6":"product_cat-computer","7":"product_cat-keystone","8":"product_cat-netvaerks-stik","9":"product_tag-keystone","10":"product_tag-keystone-standard-montage","11":"product_tag-rj45","13":"entry","14":"has-media","16":"first","17":"outofstock","18":"shipping-taxable","19":"purchasable","20":"product-type-simple","21":"has-product-nav","22":"col","23":"span_1_of_3","24":"owp-content-center","25":"owp-thumbs-layout-horizontal","26":"owp-btn-normal","27":"owp-tabs-layout-horizontal"},"supplier_id":null,"supplier_sku":"","barcode":null,"atum_controlled":true,"out_stock_date":"2025-07-20 17:14:06","out_stock_threshold":null,"inheritable":false,"inbound_stock":null,"stock_on_hold":0,"sold_today":0,"sales_last_days":0,"reserved_stock":null,"customer_returns":null,"warehouse_damage":null,"lost_in_post":null,"other_logs":null,"out_stock_days":264,"lost_sales":0,"has_location":false,"update_date":"2026-04-11T02:15:46","atum_locations":[],"atum_stock_status":"outofstock","restock_status":false,"low_stock_amount":"","sales_update_date":"2026-04-11T02:15:46","calc_backorders":null,"acf":[],"_links":{"self":[{"href":"https:\/\/bessefarsbazar.dk\/index.php\/wp-json\/wp\/v2\/product\/132","targetHints":{"allow":["GET"]}}],"collection":[{"href":"https:\/\/bessefarsbazar.dk\/index.php\/wp-json\/wp\/v2\/product"}],"about":[{"href":"https:\/\/bessefarsbazar.dk\/index.php\/wp-json\/wp\/v2\/types\/product"}],"replies":[{"embeddable":true,"href":"https:\/\/bessefarsbazar.dk\/index.php\/wp-json\/wp\/v2\/comments?post=132"}],"wp:featuredmedia":[{"embeddable":true,"href":"https:\/\/bessefarsbazar.dk\/index.php\/wp-json\/wp\/v2\/media\/133"}],"wp:attachment":[{"href":"https:\/\/bessefarsbazar.dk\/index.php\/wp-json\/wp\/v2\/media?parent=132"}],"wp:term":[{"taxonomy":"product_brand","embeddable":true,"href":"https:\/\/bessefarsbazar.dk\/index.php\/wp-json\/wp\/v2\/product_brand?post=132"},{"taxonomy":"product_cat","embeddable":true,"href":"https:\/\/bessefarsbazar.dk\/index.php\/wp-json\/wp\/v2\/product_cat?post=132"},{"taxonomy":"product_tag","embeddable":true,"href":"https:\/\/bessefarsbazar.dk\/index.php\/wp-json\/wp\/v2\/product_tag?post=132"}],"curies":[{"name":"wp","href":"https:\/\/api.w.org\/{rel}","templated":true}]}}